{"id":2,"date":"2022-10-06T18:09:50","date_gmt":"2022-10-06T18:09:50","guid":{"rendered":"https:\/\/lpsarchitecture.com\/?page_id=2"},"modified":"2025-02-20T23:34:53","modified_gmt":"2025-02-21T04:34:53","slug":"home","status":"publish","type":"page","link":"https:\/\/lpsarchitecture.com\/fr\/","title":{"rendered":"Home"},"content":{"rendered":"<section class=\"py-section   py-section-padding\" style=\"--py-pad-t-calc:var(--py-sec-pad-block) \/ 2\">\n<div class=\"py-container py-gap\" style=\"--py-gap-value:var(--py-sec-pad-block) \/ 2\">\n<div class=\"py-flex py-gap\" style=\"--py-gap-value:0;--py-align-items:center\">\n<h1 class=\"py-text\" style=\"--py-text-align:center\">LEADERSHIP <mark style=\"background-color:rgba(0, 0, 0, 0)\" class=\"has-inline-color has-brand-3-color\">&#8211;<\/mark> PROFESSIONNALISME <mark style=\"background-color:rgba(0, 0, 0, 0)\" class=\"has-inline-color has-brand-3-color\">&#8211;<\/mark> SERVICE<\/h1>\n\n\n\n<p class=\"py-text\" style=\"--py-text-align:center\">Firme offrant des services en architecture dans la grande r\u00e9gion de Montr\u00e9al<\/p>\n<\/div>\n\n\n\n<div class=\"wp-block-piney-py-home-grid-1 home-grid-1 py-grid py-grid-tab-l\" data-pg-name=\"Custom Grid\" style=\"--py-grid-columns-tab-l:3;--py-grid-gap:2.4rem\"> <div class=\"home-grid-1__item-1 py-grid-item py-grid-item-tab-l py-position\" style=\"--py-grid-item-column-tab-l:1\/3;--py-grid-item-row-tab-l:1\/3\"> <img loading=\"lazy\" decoding=\"async\" width=\"1920\" height=\"1911\" src=\"https:\/\/lpsarchitecture.com\/wp-content\/uploads\/project-photo-3.webp\" alt=\"project photo #3\" class=\"wp-image-5107\" srcset=\"https:\/\/lpsarchitecture.com\/wp-content\/uploads\/project-photo-3.webp 1920w, https:\/\/lpsarchitecture.com\/wp-content\/uploads\/project-photo-3-300x300.webp 300w, https:\/\/lpsarchitecture.com\/wp-content\/uploads\/project-photo-3-1024x1019.webp 1024w, https:\/\/lpsarchitecture.com\/wp-content\/uploads\/project-photo-3-150x150.webp 150w, https:\/\/lpsarchitecture.com\/wp-content\/uploads\/project-photo-3-768x764.webp 768w, https:\/\/lpsarchitecture.com\/wp-content\/uploads\/project-photo-3-1536x1529.webp 1536w, https:\/\/lpsarchitecture.com\/wp-content\/uploads\/project-photo-3-12x12.webp 12w\" sizes=\"auto, (max-width: 1920px) 100vw, 1920px\" \/> <\/div><a class=\"home-grid-1__item-2 py-grid-item py-grid-item-tab-l py-position\" style=\"--py-grid-item-row-tab-l:1\/2;--py-grid-item-column-tab-l:3\/4\" href=\"https:\/\/lpsarchitecture.com\/fr\/contact-us\/\"> <p>Contactez-nous<\/p><\/a> <a class=\"home-grid-1__item-3 py-grid-item py-grid-item-tab-l py-position\" style=\"--py-grid-item-row-tab-l:3\/4;--py-grid-item-column-tab-l:1\/3\" href=\"https:\/\/lpsarchitecture.com\/fr\/experience\/\"> <div class=\"grid-item-name\"> <p>Exp\u00e9rience<\/p> <\/div><img loading=\"lazy\" decoding=\"async\" width=\"1920\" height=\"1440\" src=\"https:\/\/lpsarchitecture.com\/wp-content\/uploads\/experience-button.webp\" class=\"py-position wp-image-5103\" alt=\"exp\u00e9rience button\" srcset=\"https:\/\/lpsarchitecture.com\/wp-content\/uploads\/experience-button.webp 1920w, https:\/\/lpsarchitecture.com\/wp-content\/uploads\/experience-button-300x225.webp 300w, https:\/\/lpsarchitecture.com\/wp-content\/uploads\/experience-button-1024x768.webp 1024w, https:\/\/lpsarchitecture.com\/wp-content\/uploads\/experience-button-768x576.webp 768w, https:\/\/lpsarchitecture.com\/wp-content\/uploads\/experience-button-1536x1152.webp 1536w, https:\/\/lpsarchitecture.com\/wp-content\/uploads\/experience-button-16x12.webp 16w\" sizes=\"auto, (max-width: 1920px) 100vw, 1920px\" \/> <div href=\"\" class=\"grid-learn-more\">En savoir plus<\/div><\/a><a class=\"home-grid-1__item-4 py-grid-item py-grid-item-tab-l py-position\" style=\"--py-grid-item-row-tab-l:2\/4;--py-grid-item-column-tab-l:3\/4\" href=\"https:\/\/lpsarchitecture.com\/fr\/services\/\"> <div class=\"grid-item-name\"> <p>Services<\/p> <\/div><img loading=\"lazy\" decoding=\"async\" width=\"1000\" height=\"665\" src=\"https:\/\/lpsarchitecture.com\/wp-content\/uploads\/services-button.webp\" alt=\"services button\" class=\"wp-image-5108\" srcset=\"https:\/\/lpsarchitecture.com\/wp-content\/uploads\/services-button.webp 1000w, https:\/\/lpsarchitecture.com\/wp-content\/uploads\/services-button-300x200.webp 300w, https:\/\/lpsarchitecture.com\/wp-content\/uploads\/services-button-768x511.webp 768w, https:\/\/lpsarchitecture.com\/wp-content\/uploads\/services-button-18x12.webp 18w\" sizes=\"auto, (max-width: 1000px) 100vw, 1000px\" \/><div href=\"\" class=\"grid-learn-more\">En savoir plus<\/div> <\/a> <\/div>\n<\/div>\n<\/section>\n\n\n\n<section class=\"py-section  py-background-color-2\">\n<div class=\"py-container\"><div class=\"testimonial-slider wp-block-piney-py-dynamic-slider\">\n    <div x-data=\"{        init() {            new Splide(this.$refs.splide, {                perPage: 1,                gap: 'var(--py-content-gap)',                pagination:true,            }).mount()        },    }\">\n        <div x-ref=\"splide\" class=\"splide\" aria-label=\"Splide Slider\"> \n            <div class=\"splide__arrows\"> \n                <button class=\"splide__arrow splide__arrow--prev\">\n                    <svg xmlns=\"http:\/\/www.w3.org\/2000\/svg\" width=\"11.115\" height=\"18\" viewbox=\"0 0 11.115 18\">\n                        <path d=\"M15,9l-2.115,2.115L19.755,18l-6.87,6.885L15,27l9-9Z\" transform=\"translate(24 27) rotate(180)\"\/>\n                    <\/svg>\n                <\/button>                 \n                <button class=\"splide__arrow splide__arrow--next\">\n                    <svg xmlns=\"http:\/\/www.w3.org\/2000\/svg\" width=\"11.115\" height=\"18\" viewbox=\"0 0 11.115 18\" style=\"rotate: 180deg;\">\n                        <path d=\"M15,9l-2.115,2.115L19.755,18l-6.87,6.885L15,27l9-9Z\" transform=\"translate(24 27) rotate(180)\"\/>\n                    <\/svg>\n                <\/button>                 \n            <\/div>\n            <div class=\"splide__track\"> \n                <ul class=\"splide__list\"> \n                                                                                                                                            <li id=\"post-5214\" class=\"splide__slide post-5214 testimonial type-testimonial status-publish hentry\">\n                                <div class=\"testimonial-slider__stars-wrapper\">\n                                    <svg xmlns=\"http:\/\/www.w3.org\/2000\/svg\" viewbox=\"0 0 24 24\" fill=\"#F1E900\" width=\"3rem\" height=\"3rem\" class=\"testimonial-slider__star\">\n                                        <g>\n                                            <path fill=\"none\" d=\"M0 0h24v24H0z\"\/>\n                                            <path d=\"M12 18.26l-7.053 3.948 1.575-7.928L.587 8.792l8.027-.952L12 .5l3.386 7.34 8.027.952-5.935 5.488 1.575 7.928z\"\/>\n                                        <\/g>\n                                    <\/svg>\n                                    <svg xmlns=\"http:\/\/www.w3.org\/2000\/svg\" viewbox=\"0 0 24 24\" fill=\"#F1E900\" width=\"3rem\" height=\"3rem\" class=\"testimonial-slider__star\">\n                                        <g>\n                                            <path fill=\"none\" d=\"M0 0h24v24H0z\"\/>\n                                            <path d=\"M12 18.26l-7.053 3.948 1.575-7.928L.587 8.792l8.027-.952L12 .5l3.386 7.34 8.027.952-5.935 5.488 1.575 7.928z\"\/>\n                                        <\/g>\n                                    <\/svg>\n                                    <svg xmlns=\"http:\/\/www.w3.org\/2000\/svg\" viewbox=\"0 0 24 24\" fill=\"#F1E900\" width=\"3rem\" height=\"3rem\" class=\"testimonial-slider__star\">\n                                        <g>\n                                            <path fill=\"none\" d=\"M0 0h24v24H0z\"\/>\n                                            <path d=\"M12 18.26l-7.053 3.948 1.575-7.928L.587 8.792l8.027-.952L12 .5l3.386 7.34 8.027.952-5.935 5.488 1.575 7.928z\"\/>\n                                        <\/g>\n                                    <\/svg>\n                                    <svg xmlns=\"http:\/\/www.w3.org\/2000\/svg\" viewbox=\"0 0 24 24\" fill=\"#F1E900\" width=\"3rem\" height=\"3rem\" class=\"testimonial-slider__star\">\n                                        <g>\n                                            <path fill=\"none\" d=\"M0 0h24v24H0z\"\/>\n                                            <path d=\"M12 18.26l-7.053 3.948 1.575-7.928L.587 8.792l8.027-.952L12 .5l3.386 7.34 8.027.952-5.935 5.488 1.575 7.928z\"\/>\n                                        <\/g>\n                                    <\/svg>\n                                    <svg xmlns=\"http:\/\/www.w3.org\/2000\/svg\" viewbox=\"0 0 24 24\" fill=\"#F1E900\" width=\"3rem\" height=\"3rem\" class=\"testimonial-slider__star\">\n                                        <g>\n                                            <path fill=\"none\" d=\"M0 0h24v24H0z\"\/>\n                                            <path d=\"M12 18.26l-7.053 3.948 1.575-7.928L.587 8.792l8.027-.952L12 .5l3.386 7.34 8.027.952-5.935 5.488 1.575 7.928z\"\/>\n                                        <\/g>\n                                    <\/svg>\n                                <\/div>\n                                <div class=\"testimonial-slider__content\">\n                                    <svg xmlns=\"http:\/\/www.w3.org\/2000\/svg\" width=\"31.5\" height=\"22.5\" viewbox=\"0 0 31.5 22.5\" class=\"testimonial-slider__content-quote-1\">\n                                        <path d=\"M0,15.188A8.435,8.435,0,0,1,8.438,6.75H9a2.25,2.25,0,0,1,0,4.5H8.438A3.94,3.94,0,0,0,4.5,15.188v.563H9a4.5,4.5,0,0,1,4.5,4.5v4.5A4.5,4.5,0,0,1,9,29.25H4.5A4.5,4.5,0,0,1,0,24.75Zm18,0A8.435,8.435,0,0,1,26.438,6.75H27a2.25,2.25,0,0,1,0,4.5h-.562A3.94,3.94,0,0,0,22.5,15.188v.563H27a4.5,4.5,0,0,1,4.5,4.5v4.5a4.5,4.5,0,0,1-4.5,4.5H22.5a4.5,4.5,0,0,1-4.5-4.5Z\" transform=\"translate(0 -6.75)\"\/>\n                                    <\/svg>\n                                    \n<p>Nous (PHPDS) avons donn\u00e9 un mandat de production de dessins pr\u00e9liminaires avec un d\u00e9lai extr\u00eamement serr\u00e9. L'\u00e9quipe de LPS Architecture &amp; Gestion a mis en action toutes les ressources n\u00e9cessaires pour permettre l'avancement de notre projet. Merci \u00e0 toute votre \u00e9quipe pour ce travail de qualit\u00e9.<\/p>\n                                    <h2 class=\"splide__slide-heading\">Anik Dionne<\/h2>\n                                    <svg xmlns=\"http:\/\/www.w3.org\/2000\/svg\" width=\"31.5\" height=\"22.5\" viewbox=\"0 0 31.5 22.5\" class=\"testimonial-slider__content-quote-2\">\n                                        <path d=\"M31.5,20.813a8.435,8.435,0,0,1-8.437,8.438H22.5a2.25,2.25,0,0,1,0-4.5h.563A3.94,3.94,0,0,0,27,20.813V20.25H22.5a4.5,4.5,0,0,1-4.5-4.5v-4.5a4.5,4.5,0,0,1,4.5-4.5H27a4.5,4.5,0,0,1,4.5,4.5Zm-18,0A8.435,8.435,0,0,1,5.063,29.25H4.5a2.25,2.25,0,0,1,0-4.5h.563A3.94,3.94,0,0,0,9,20.813V20.25H4.5A4.5,4.5,0,0,1,0,15.75v-4.5a4.5,4.5,0,0,1,4.5-4.5H9a4.5,4.5,0,0,1,4.5,4.5Z\" transform=\"translate(0 -6.75)\"\/>\n                                    <\/svg>\n                                <\/div>\n                            <\/li>\n                                                                                <li id=\"post-5130\" class=\"splide__slide post-5130 testimonial type-testimonial status-publish hentry\">\n                                <div class=\"testimonial-slider__stars-wrapper\">\n                                    <svg xmlns=\"http:\/\/www.w3.org\/2000\/svg\" viewbox=\"0 0 24 24\" fill=\"#F1E900\" width=\"3rem\" height=\"3rem\" class=\"testimonial-slider__star\">\n                                        <g>\n                                            <path fill=\"none\" d=\"M0 0h24v24H0z\"\/>\n                                            <path d=\"M12 18.26l-7.053 3.948 1.575-7.928L.587 8.792l8.027-.952L12 .5l3.386 7.34 8.027.952-5.935 5.488 1.575 7.928z\"\/>\n                                        <\/g>\n                                    <\/svg>\n                                    <svg xmlns=\"http:\/\/www.w3.org\/2000\/svg\" viewbox=\"0 0 24 24\" fill=\"#F1E900\" width=\"3rem\" height=\"3rem\" class=\"testimonial-slider__star\">\n                                        <g>\n                                            <path fill=\"none\" d=\"M0 0h24v24H0z\"\/>\n                                            <path d=\"M12 18.26l-7.053 3.948 1.575-7.928L.587 8.792l8.027-.952L12 .5l3.386 7.34 8.027.952-5.935 5.488 1.575 7.928z\"\/>\n                                        <\/g>\n                                    <\/svg>\n                                    <svg xmlns=\"http:\/\/www.w3.org\/2000\/svg\" viewbox=\"0 0 24 24\" fill=\"#F1E900\" width=\"3rem\" height=\"3rem\" class=\"testimonial-slider__star\">\n                                        <g>\n                                            <path fill=\"none\" d=\"M0 0h24v24H0z\"\/>\n                                            <path d=\"M12 18.26l-7.053 3.948 1.575-7.928L.587 8.792l8.027-.952L12 .5l3.386 7.34 8.027.952-5.935 5.488 1.575 7.928z\"\/>\n                                        <\/g>\n                                    <\/svg>\n                                    <svg xmlns=\"http:\/\/www.w3.org\/2000\/svg\" viewbox=\"0 0 24 24\" fill=\"#F1E900\" width=\"3rem\" height=\"3rem\" class=\"testimonial-slider__star\">\n                                        <g>\n                                            <path fill=\"none\" d=\"M0 0h24v24H0z\"\/>\n                                            <path d=\"M12 18.26l-7.053 3.948 1.575-7.928L.587 8.792l8.027-.952L12 .5l3.386 7.34 8.027.952-5.935 5.488 1.575 7.928z\"\/>\n                                        <\/g>\n                                    <\/svg>\n                                    <svg xmlns=\"http:\/\/www.w3.org\/2000\/svg\" viewbox=\"0 0 24 24\" fill=\"#F1E900\" width=\"3rem\" height=\"3rem\" class=\"testimonial-slider__star\">\n                                        <g>\n                                            <path fill=\"none\" d=\"M0 0h24v24H0z\"\/>\n                                            <path d=\"M12 18.26l-7.053 3.948 1.575-7.928L.587 8.792l8.027-.952L12 .5l3.386 7.34 8.027.952-5.935 5.488 1.575 7.928z\"\/>\n                                        <\/g>\n                                    <\/svg>\n                                <\/div>\n                                <div class=\"testimonial-slider__content\">\n                                    <svg xmlns=\"http:\/\/www.w3.org\/2000\/svg\" width=\"31.5\" height=\"22.5\" viewbox=\"0 0 31.5 22.5\" class=\"testimonial-slider__content-quote-1\">\n                                        <path d=\"M0,15.188A8.435,8.435,0,0,1,8.438,6.75H9a2.25,2.25,0,0,1,0,4.5H8.438A3.94,3.94,0,0,0,4.5,15.188v.563H9a4.5,4.5,0,0,1,4.5,4.5v4.5A4.5,4.5,0,0,1,9,29.25H4.5A4.5,4.5,0,0,1,0,24.75Zm18,0A8.435,8.435,0,0,1,26.438,6.75H27a2.25,2.25,0,0,1,0,4.5h-.562A3.94,3.94,0,0,0,22.5,15.188v.563H27a4.5,4.5,0,0,1,4.5,4.5v4.5a4.5,4.5,0,0,1-4.5,4.5H22.5a4.5,4.5,0,0,1-4.5-4.5Z\" transform=\"translate(0 -6.75)\"\/>\n                                    <\/svg>\n                                    \n<p>Une firme s\u00e9rieuse et comp\u00e9tente, r\u00e9active et efficace. J'ai beaucoup fait affaire avec elle depuis 2021 dans le cadre de mon travail et concernant la r\u00e9fection (toitures, fenestrations, salles de bain, cadres et portes, etc.) de nos immeubles. Des projets sont toujours en cours et d'autres sont encore \u00e0 venir.<\/p>\n                                    <h2 class=\"splide__slide-heading\">Guillaume Kleinclaus<\/h2>\n                                    <svg xmlns=\"http:\/\/www.w3.org\/2000\/svg\" width=\"31.5\" height=\"22.5\" viewbox=\"0 0 31.5 22.5\" class=\"testimonial-slider__content-quote-2\">\n                                        <path d=\"M31.5,20.813a8.435,8.435,0,0,1-8.437,8.438H22.5a2.25,2.25,0,0,1,0-4.5h.563A3.94,3.94,0,0,0,27,20.813V20.25H22.5a4.5,4.5,0,0,1-4.5-4.5v-4.5a4.5,4.5,0,0,1,4.5-4.5H27a4.5,4.5,0,0,1,4.5,4.5Zm-18,0A8.435,8.435,0,0,1,5.063,29.25H4.5a2.25,2.25,0,0,1,0-4.5h.563A3.94,3.94,0,0,0,9,20.813V20.25H4.5A4.5,4.5,0,0,1,0,15.75v-4.5a4.5,4.5,0,0,1,4.5-4.5H9a4.5,4.5,0,0,1,4.5,4.5Z\" transform=\"translate(0 -6.75)\"\/>\n                                    <\/svg>\n                                <\/div>\n                            <\/li>\n                                                                                                               \n                <\/ul>                 \n            <\/div>             \n            <ul class=\"splide__pagination\"><\/ul>\n        <\/div>\n    <\/div>\n<\/div><\/div>\n<\/section>\n\n\n\n<section class=\"py-section\">\n<div class=\"py-container\">\n<div class=\"wp-block-piney-py-home-grid-2 home-grid-2 py-grid py-grid-tab-l\" data-pg-name=\"Custom Grid\" style=\"--py-grid-columns-tab-l:3;--py-grid-gap:2.4rem\"> <div class=\"home-grid-2__item-1 py-grid-item py-grid-item-tab-l py-position\"> <img loading=\"lazy\" decoding=\"async\" width=\"1080\" height=\"1080\" src=\"https:\/\/lpsarchitecture.com\/wp-content\/uploads\/project-photo-2.webp\" alt=\"project photo #2\" class=\"wp-image-5106\" srcset=\"https:\/\/lpsarchitecture.com\/wp-content\/uploads\/project-photo-2.webp 1080w, https:\/\/lpsarchitecture.com\/wp-content\/uploads\/project-photo-2-300x300.webp 300w, https:\/\/lpsarchitecture.com\/wp-content\/uploads\/project-photo-2-1024x1024.webp 1024w, https:\/\/lpsarchitecture.com\/wp-content\/uploads\/project-photo-2-150x150.webp 150w, https:\/\/lpsarchitecture.com\/wp-content\/uploads\/project-photo-2-768x768.webp 768w, https:\/\/lpsarchitecture.com\/wp-content\/uploads\/project-photo-2-12x12.webp 12w\" sizes=\"auto, (max-width: 1080px) 100vw, 1080px\" \/> <\/div> <a class=\"home-grid-2__item-2 py-grid-item py-grid-item-tab-l py-position\" href=\"https:\/\/lpsarchitecture.com\/fr\/blog\/\"> <div class=\"grid-item-name\"> <p>Blogue<\/p> <\/div><img loading=\"lazy\" decoding=\"async\" width=\"1000\" height=\"667\" src=\"https:\/\/lpsarchitecture.com\/wp-content\/uploads\/blogue-button.webp\" class=\"py-position wp-image-5101\" alt=\"blogue button\" srcset=\"https:\/\/lpsarchitecture.com\/wp-content\/uploads\/blogue-button.webp 1000w, https:\/\/lpsarchitecture.com\/wp-content\/uploads\/blogue-button-300x200.webp 300w, https:\/\/lpsarchitecture.com\/wp-content\/uploads\/blogue-button-768x512.webp 768w, https:\/\/lpsarchitecture.com\/wp-content\/uploads\/blogue-button-18x12.webp 18w\" sizes=\"auto, (max-width: 1000px) 100vw, 1000px\" \/> <div href=\"\" class=\"grid-learn-more\">En savoir plus<\/div><\/a><a class=\"home-grid-2__item-3 py-grid-item py-grid-item-tab-l py-position\" href=\"https:\/\/lpsarchitecture.com\/fr\/about-us\/\"> <div class=\"grid-item-name\"> <p>Nous<\/p> <\/div><img loading=\"lazy\" decoding=\"async\" width=\"1000\" height=\"667\" src=\"https:\/\/lpsarchitecture.com\/wp-content\/uploads\/nous-button.webp\" alt=\"nous button\" class=\"wp-image-5104\" srcset=\"https:\/\/lpsarchitecture.com\/wp-content\/uploads\/nous-button.webp 1000w, https:\/\/lpsarchitecture.com\/wp-content\/uploads\/nous-button-300x200.webp 300w, https:\/\/lpsarchitecture.com\/wp-content\/uploads\/nous-button-768x512.webp 768w, https:\/\/lpsarchitecture.com\/wp-content\/uploads\/nous-button-18x12.webp 18w\" sizes=\"auto, (max-width: 1000px) 100vw, 1000px\" \/><div href=\"\" class=\"grid-learn-more\">En savoir plus<\/div> <\/a><a class=\"home-grid-2__item-4 py-grid-item py-grid-item-tab-l py-position\" href=\"https:\/\/lpsarchitecture.com\/fr\/collaborators\/\" style=\"--py-grid-item-column-tab-l:1\/3\"> <div class=\"grid-item-name\"> <p>Collaborateurs<\/p> <\/div><img loading=\"lazy\" decoding=\"async\" width=\"1920\" height=\"1281\" src=\"https:\/\/lpsarchitecture.com\/wp-content\/uploads\/collaborateurs-button.webp\" alt=\"collaborateurs button\" class=\"wp-image-5102\" srcset=\"https:\/\/lpsarchitecture.com\/wp-content\/uploads\/collaborateurs-button.webp 1920w, https:\/\/lpsarchitecture.com\/wp-content\/uploads\/collaborateurs-button-300x200.webp 300w, https:\/\/lpsarchitecture.com\/wp-content\/uploads\/collaborateurs-button-1024x683.webp 1024w, https:\/\/lpsarchitecture.com\/wp-content\/uploads\/collaborateurs-button-768x512.webp 768w, https:\/\/lpsarchitecture.com\/wp-content\/uploads\/collaborateurs-button-1536x1025.webp 1536w, https:\/\/lpsarchitecture.com\/wp-content\/uploads\/collaborateurs-button-18x12.webp 18w\" sizes=\"auto, (max-width: 1920px) 100vw, 1920px\" \/><div href=\"\" class=\"grid-learn-more\">En savoir plus<\/div> <\/a><div class=\"home-grid-2__item-5 py-grid-item py-grid-item-tab-l py-position\"> <img loading=\"lazy\" decoding=\"async\" width=\"1080\" height=\"1080\" src=\"https:\/\/lpsarchitecture.com\/wp-content\/uploads\/project-photo-1.webp\" alt=\"project photo #1\" class=\"wp-image-5105\" srcset=\"https:\/\/lpsarchitecture.com\/wp-content\/uploads\/project-photo-1.webp 1080w, https:\/\/lpsarchitecture.com\/wp-content\/uploads\/project-photo-1-300x300.webp 300w, https:\/\/lpsarchitecture.com\/wp-content\/uploads\/project-photo-1-1024x1024.webp 1024w, https:\/\/lpsarchitecture.com\/wp-content\/uploads\/project-photo-1-150x150.webp 150w, https:\/\/lpsarchitecture.com\/wp-content\/uploads\/project-photo-1-768x768.webp 768w, https:\/\/lpsarchitecture.com\/wp-content\/uploads\/project-photo-1-12x12.webp 12w\" sizes=\"auto, (max-width: 1080px) 100vw, 1080px\" \/> <\/div> <\/div>\n<\/div>\n<\/section>","protected":false},"excerpt":{"rendered":"","protected":false},"author":5,"featured_media":5103,"parent":0,"menu_order":0,"comment_status":"closed","ping_status":"closed","template":"","meta":{"_seopress_robots_primary_cat":"","_seopress_titles_title":"Leading Architecture Firm in Montreal | LPS Architecture","_seopress_titles_desc":"LPS Architecture is a trusted architectural firm in Montreal, offering innovative design solutions for residential, commercial, and industrial projects. Contact us today!","_seopress_robots_index":"","footnotes":""},"class_list":["post-2","page","type-page","status-publish","has-post-thumbnail","hentry"],"fields":null,"meta_box":[],"_seopress_redirections_type":"301","_seopress_redirections_logged_status":"both","_seopress_analysis_target_kw":"","_thumbnail_id":"5103","_seopress_titles_title":"Leading Architecture Firm in Montreal | LPS Architecture","_seopress_titles_desc":"LPS Architecture is a trusted architectural firm in Montreal, offering innovative design solutions for residential, commercial, and industrial projects. Contact us today!","data":null,"_links":{"self":[{"href":"https:\/\/lpsarchitecture.com\/fr\/wp-json\/wp\/v2\/pages\/2","targetHints":{"allow":["GET"]}}],"collection":[{"href":"https:\/\/lpsarchitecture.com\/fr\/wp-json\/wp\/v2\/pages"}],"about":[{"href":"https:\/\/lpsarchitecture.com\/fr\/wp-json\/wp\/v2\/types\/page"}],"author":[{"embeddable":true,"href":"https:\/\/lpsarchitecture.com\/fr\/wp-json\/wp\/v2\/users\/5"}],"replies":[{"embeddable":true,"href":"https:\/\/lpsarchitecture.com\/fr\/wp-json\/wp\/v2\/comments?post=2"}],"version-history":[{"count":5,"href":"https:\/\/lpsarchitecture.com\/fr\/wp-json\/wp\/v2\/pages\/2\/revisions"}],"predecessor-version":[{"id":7229,"href":"https:\/\/lpsarchitecture.com\/fr\/wp-json\/wp\/v2\/pages\/2\/revisions\/7229"}],"wp:featuredmedia":[{"embeddable":true,"href":"https:\/\/lpsarchitecture.com\/fr\/wp-json\/wp\/v2\/media\/5103"}],"wp:attachment":[{"href":"https:\/\/lpsarchitecture.com\/fr\/wp-json\/wp\/v2\/media?parent=2"}],"curies":[{"name":"wp","href":"https:\/\/api.w.org\/{rel}","templated":true}]}}